{"id":77,"date":"2024-10-15T13:58:43","date_gmt":"2024-10-15T10:58:43","guid":{"rendered":"https:\/\/www.sargininsaat.com\/en\/?page_id=77"},"modified":"2024-11-02T11:20:59","modified_gmt":"2024-11-02T08:20:59","slug":"domestic-projects","status":"publish","type":"page","link":"https:\/\/www.sargininsaat.com\/en\/domestic-projects\/","title":{"rendered":"PROJECTS in T\u00dcRK\u0130YE"},"content":{"rendered":"\n<p><strong>2024 \u2013 ET\u0130 BAKIR A.\u015e.<\/strong><br>Madenk\u00f6y Copper Mine<br>Underground Preparation Gallery Excavation and Preliminary Supporting Work \/ S\u0130\u0130RT<\/p>\n\n\n\n<p><strong>2023 \u2013 ET\u0130 BAKIR A.\u015e.<\/strong><br>Murgul Underground Copper Mine<br>Underground Preparation Gallery Excavation and Preliminary Supporting Work \/ ARTV\u0130N<\/p>\n\n\n\n<p><strong>2023 \u2013 ET\u0130 BAKIR A.\u015e.<\/strong><br>Ko\u00e7ali Underground Copper Mine<br>Underground Galleries Excavation, Preliminary Supporting and Repair Works \/ ADIYAMAN<\/p>\n\n\n\n<p><strong>2020 \u2013 ET\u0130BAKIR \u0130\u015eLETMELER\u0130 A.\u015e.<\/strong><br>Madenk\u00f6y Copper Mine<br>Stripping Works 1 \/ S\u0130\u0130RT<\/p>\n\n\n\n<p><strong>2019 \u2013 KRP OTOYOL \u0130N\u015eAATI A.O. \u0130\u015eLETMES\u0130<\/strong><br>Kuzey Marmara Highway Project<br>Cebeci Highway Tunnel Km 67+700 Shaft, Approach Tunnel and Tunnel (Excavation, Support and Concrete Pavement) Construction Work between Km 67+340 &#8211; 68+330 \/ \u0130STANBUL<\/p>\n\n\n\n<p><strong>2018 \u2013 DS\u0130 GENEL M\u00dcD\u00dcRL\u00dc\u011e\u00dc<\/strong><br>Deriner Dam State, Provincial and Village Relocation Roads Operation, Maintenance, Repair and Construction Work 1 Part, Highway Tunnel and Connection Roads Rehabilitation Work \/ ARTV\u0130N<\/p>\n\n\n\n<p><strong>2018 \u2013 ET\u0130BAKIR \u0130\u015eLETMELER\u0130 A.\u015e.<\/strong><br>Murgul Underground Copper Mine<br>Underground Preparation Gallery Excavation and Preliminary Supporting Work \/ ARTV\u0130N<\/p>\n\n\n\n<p><strong>2018 \u2013 MAYA \u2013 YILSAN A.O.<\/strong><br>Istanbul Anatolium Shopping Mall-Metro Connection Shaft and Tunnel Construction Works \/ \u0130STANBUL<\/p>\n\n\n\n<p><strong>2016 \u2013 TREND \u0130N\u015eAAT T\u0130CARET LTD.\u015eT\u0130.<\/strong><br>Slope and Track Support Works within the Scope of Adana-Kozan Road Separation &#8211; Mansurlu Road Project\u00a0\u00a0\/\u00a0ADANA<\/p>\n\n\n\n<p><strong>2016 \u2013 G\u00dcLERMAK \u2013 KOL\u0130N \u2013 KALYON YAPIM ORTAKLI\u011eI<\/strong><br>Mahmutbey \u2013 Mecidiyek\u00f6y Subway Project,<br>Tunnel Works between Km 6+875 and 5+891 by Working from Km 6+584 Abidiyeyi H\u00fcrriyet Shaft and Km 6+060 Switch Shaft\u00a0\/ \u0130STANBUL<\/p>\n\n\n\n<p><strong>2016 \u2013 ENERJ\u0130SA ENERJ\u0130 \u00dcRET\u0130M A.\u015e.<\/strong><br>Dogancay Regulator and HEPP Construction Project,<br>Tunnel Construction, Concrete, Iron, Bridge and Hydromechanical Works with TBMi \/\u00a0ADANA<\/p>\n\n\n\n<p><strong>2015 \u2013 DO\u011eU\u015e \u0130N\u015eAAT VE T\u0130CARET A.\u015e.<\/strong><br>\u00dcsk\u00fcdar &#8211; \u00dcmraniye &#8211; \u00c7ekmek\u00f6y Metro Construction Project, Tunnel Construction Works \/\u00a0\u0130STANBUL<\/p>\n\n\n\n<p><strong>2015 \u2013 DO\u011eU\u015e \u0130N\u015eAAT VE T\u0130CARET A.\u015e.<\/strong><br>Artvin Dam and HEPP Project, Havuzlu By-Pass Tunnel &#8211; Excavation, Reinforced Concrete Coating Works\/ ARTV\u0130N<\/p>\n\n\n\n<p><strong>2014 \u2013 ALANYA B\u00dcY\u00dcK\u015eEH\u0130R BELED\u0130YES\u0130<\/strong><br>300 Car Capacity Parking Garage Construction, Electromechanical and Electrical Works \/ ALANYA<\/p>\n\n\n\n<p><strong>2013 \u2013 AYSON GEOTEKN\u0130K VE DEN\u0130Z \u0130N\u015eAAT A.\u015e.<\/strong><br>Artvin &#8211; Erzurum State Road Relocation Project,<br>T8 &#8211; T9 &#8211; T10 &#8211; T11 Tunnel &#8211; Excavation, Waterproofing and Pavement Concrete Works \/ ARTV\u0130N<\/p>\n\n\n\n<p><strong>2013 \u2013 SAF GAYR\u0130MENKUL GEL\u0130\u015eT\u0130RME VE \u0130N\u015eAAT A.\u015e.<\/strong><br>Kad\u0131k\u00f6y &#8211; Kartal Metro \/ Unalan Station and Acibadem Metrobus Station and Akasya Acibadem Pedestrian Connection Tunnel Construction Work<br>Fine Works, Electrical and Mechanical Installation Works \/ \u0130STANBUL<\/p>\n\n\n\n<p><strong>2013 \u2013 SAF GAYR\u0130MENKUL GEL\u0130\u015eT\u0130RME VE \u0130N\u015eAAT A.\u015e.<\/strong><br>Kad\u0131k\u00f6y &#8211; Kartal Metro \/ \u00dcnalan Station and Ac\u0131badem Metrobus Station and Ac\u0131badem Metrobus Station to Akasya Ac\u0131badem Pedestrian Connection Tunnel Construction Excavation, Fortification, Waterproofing, Coating, Jetgrouting and Forecasting Works \/ \u0130STANBUL<\/p>\n\n\n\n<p><strong>2013 \u2013 ESAN ECZACIBA\u015eI\u00a0<\/strong><br>Balya Zn &#8211; Pb Mine Preparation Project \/ Gallery Excavation and Supporting Works \/ BALIKES\u0130R<\/p>\n\n\n\n<p><strong>2012 \u2013 MORALI APARTMANI<\/strong><br>Revenue Sharing Building Construction Works 132 Pafta, 45 Block, 39 Parcel \/ \u0130STANBUL<\/p>\n\n\n\n<p><strong>2012 \u2013 T\u00dcB\u0130TAK<\/strong><br>T\u00dcB\u0130TAK Marmara Research Center Chemistry Institute Laboratory Annex Building Construction, Civil + Mechanical Installation + Electrical Installation Works \u2013 Gebze\u00a0 \/ KOCAEL\u0130<\/p>\n\n\n\n<p><strong>2011 \u2013 AVRASYA GRUP (Astaldi \u2013 Makyol \u2013 G\u00fclermak A.O.)<\/strong><br>Kad\u0131k\u00f6y &#8211; Kartal Metro \/ Supply, Erection and Commissioning Works S04A (Ac\u0131badem) Shaft Construction Site \/ \u0130STANBUL<\/p>\n\n\n\n<p><strong>2011 \u2013 G\u00dcR\u0130\u015e \u0130N\u015eAAT VE M\u00dcHEND\u0130SL\u0130K A.\u015e.<\/strong><br>Ankara Metro Phase III Bat\u0131kent-Sincan (T\u00f6rekent) Building and Construction Project, Ba\u015fkent Boulevard Bored Tunnel Construction Works \/ ANKARA<\/p>\n\n\n\n<p><strong>2010 \u2013 SARGIN \u0130N\u015eAAT VE MAK\u0130NE SAN.T\u0130C.A\u015e.<\/strong><br>Sargin Headquarter Building Construction \/ ANKARA<\/p>\n\n\n\n<p><strong>2009 \u2013 DO\u011eU\u015e \u0130N\u015eAAT VE T\u0130CARET A.\u015e.<\/strong><br>Boyabat Dam and HEPP Project  Tunnel Excavation Supporting Works \/ S\u0130NOP<\/p>\n\n\n\n<p><strong>2009 \u2013 YAPISAN ELEKTR\u0130K \u00dcRET\u0130M A.\u015e.<\/strong><br>Excavation Works of Main Tunnel, Surge Tank and Penstock Horizontal Vertical Shafts within Kar\u0131ca Regulator and Dar\u0131ca &#8211; I HEPP Construction Projects \/ ORDU<\/p>\n\n\n\n<p><strong>2008 \u2013 G\u00dcLERMAK \u2013 DO\u011eU\u015e A.O.<\/strong><br>Ground Support Works within \u0130kitelli South Industryi Subway Station Construction Projet \/ \u0130STANBUL<\/p>\n\n\n\n<p><strong>2008 \u2013 CHRYSMA \u0130N\u015eAAT TUR\u0130ZM SAN.LTD.\u015eT\u0130.<\/strong><br>Cihangir Resident Building Foundation Excavation, Anchoring and Concrete Works \/ \u0130STANBUL<\/p>\n\n\n\n<p><strong>2008 \u2013 G\u00dcR\u0130\u015e \u0130N\u015eAAT VE M\u00dcHEND\u0130SL\u0130K A.\u015e.<\/strong><br>Construction of Concrete, Steel Coated Gallery and Tunnel for Emek Street Crossing in Diyarbak\u0131r City (Km:34+496.36 &#8211; 34+681.62) within  Kralk\u0131z\u0131 &#8211; Dicle Irrigation Transmission Canal and Silopi-Ned\u00fc\u015f Left Bank Tunnel Construction\/ D\u0130YARBAKIR<\/p>\n\n\n\n<p><strong>2008 \u2013 NATA \u0130N\u015eAAT SANAY\u0130 VE T\u0130CARET LTD.\u015eT\u0130.<\/strong><br>Excavation Works of T2, T3, T4, T5 Tunnels within the Scope of Erikli Akocak Regulators and Akocak HEPP Construction \/ TRABZON<\/p>\n\n\n\n<p><strong>2008 \u2013 GARANT\u0130 KOZA \u2013 ALS\u0130M ALARKO A.O.<\/strong><br>4th Levent &#8211; Ayazaga Section, Maslak Approach Ramp, Tunnel Excavation Construction on Connection Lines to the Depot Area \/ \u0130STANBUL<\/p>\n\n\n\n<p><strong>2008 \u2013 GARANT\u0130 KOZA \u2013 ALS\u0130M ALARKO A.O.<\/strong><br>4th Levent &#8211; Ayazaga Section, Shaft 2 and Tunnel Excavation Construction on Connection Lines to the Depot Area\u00a0\/ \u0130STANBUL<\/p>\n\n\n\n<p><strong>2006 \u2013 L\u0130MAK \u2013 KOL\u0130N A.O.<\/strong><br>Black Sea Coastal Road Espiye &#8211; Carsibasi (SE) (Supply) Road, Eynesil B Tunnel Construction \/ G\u0130RESUN<\/p>\n\n\n\n<p><strong>2006 \u2013 Y\u00dcKSEL \u0130N\u015eAAT A.\u015e.<\/strong><br>Bor\u00e7ka &#8211; Artvin Highway, T3 &#8211; T4 Tunnels Construction \/ ARTV\u0130N<\/p>\n\n\n\n<p><strong>2005 \u2013 NUROL \u2013 TEKFEN \u2013 Y\u00dcKSEL A.O.<\/strong><br>Excavation &#8211; Backfilling and Slope Protection Works between Ak\u00e7aova Valley Km:15+960 &#8211; 17+720 in Bolaman &#8211; Per\u015fembe Highway Construction Works \/ ORDU<\/p>\n\n\n\n<p><strong>2005 \u2013 BOTA\u015e BORU HATLARI \/ PETROL TA\u015eIMA A.\u015e.<\/strong><br>Ceyhan and D\u00f6rtyol Piers Concrete Corrosion Repair Work\/ ADANA<\/p>\n\n\n\n<p><strong>2004 \u2013 G\u00d6\u00c7AY \u0130N\u015eAAT TAAH. VE T\u0130C. A.\u015e.<\/strong><br>Eregli &#8211; Konya Sewerage and Partial Stormwater Construction \/ KONYA<\/p>\n\n\n\n<p><strong>2004 \u2013 T\u00dcRK E\u011e\u0130T\u0130M VAKFI<\/strong><br>TEV Building Construction on Block 1048, Parcel 27 \/ ANKARA<\/p>\n\n\n\n<p><strong>2004 \u2013 PUNJ LLOYD \u2013 L\u0130MAK O.G.<\/strong><br>Concrete Weight Coating for River Crossings &#8211; Bota\u015f BTC Pipeline \/ OSMAN\u0130YE<\/p>\n\n\n\n<p><strong>2004 \u2013 KAYA BETON SANAY\u0130 VE T\u0130CARET A.\u015e.<\/strong><br>Kralk\u0131z\u0131 &#8211; Dicle Irrigation Project Transmission City Crossing (Km:31+664 &#8211; 32+139) Concrete, Steel Coated Gallery &#8211; Tunnel and Boring Construction \/ D\u0130YARBAKIR<\/p>\n\n\n\n<p><strong>2003 \u2013 NUROL \u2013 TEKFEN \u2013 Y\u00dcKSEL A.O.<\/strong><br>Construction of Hapan (Nefise Ak\u00e7elik) Tunnel in Bolaman &#8211; Per\u015fembe Highway Construction Work \/ ORDU<\/p>\n\n\n\n<p><strong>1999 \u2013 NUROL \u2013 TEKFEN \u2013 Y\u00dcKSEL A.O.<\/strong><br>Bolaman \u2013 Per\u015fembe Karayolu Nefise Ak\u00e7elik \u00c7\u0131k\u0131\u015f A\u011fz\u0131 (K\u0131rl\u0131 Taraf\u0131) Sa\u011f ve Sol T\u00fcnelleri Yap\u0131m \u0130\u015fi \/ ORDU<\/p>\n\n\n\n<p><strong>1999 \u2013 KAYSER\u0130 ELEKTR\u0130K \u00dcRET\u0130M SAN. VE T\u0130C. A.\u015e.<\/strong><br>Yamula Dam and HEPP Diversion Tunnels Construction\/ KAYSER\u0130<\/p>\n\n\n\n<p><strong>1999 \u2013 YAYLA \u2013 T\u0130MTA\u015e \u2013 STY A.O.<\/strong><br>\u00c7inarcik Dam Diversion Tunnels Construction \/ BURSA<\/p>\n\n\n\n<p><strong>1997 \u2013 POYRAZ \u2013 \u00d6ZG\u00dc \u2013 T\u00dcR \u2013 SUM \u0130\u015e ORTAKLI\u011eI<\/strong><br>Kocatepe Multi-storey Car Park and Cultural Facilities Sewage and Drainage Water Connection Gallery Construction from Selanik Street to Main Sewerage \/ ANKARA<\/p>\n\n\n\n<p><strong>1997 \u2013 POYRAZ \u2013 \u00d6ZG\u00dc \u2013 T\u00dcR \u2013 SUM \u0130\u015e ORTAKLI\u011eI<\/strong><br>Selanik 2 Street, Sewerage and Rainwater Collection Gallery \/ ANKARA<\/p>\n\n\n\n<p><strong>1996 \u2013 ORTA DO\u011eU TEKN\u0130K \u00dcN\u0130VERS\u0130TES\u0130<\/strong><br>Petroleum Engineering Department Environmental Drainage and Curtain Wall Works \/ ANKARA<\/p>\n\n\n\n<p><strong>1996 \u2013 ORTA DO\u011eU TEKN\u0130K \u00dcN\u0130VERS\u0130TES\u0130<\/strong><br>Department of Petroleum Engineering Building Construction \/ ANKARA<\/p>\n\n\n\n<p><strong>1995 \u2013 \u0130STANBUL \u0130L M\u0130LL\u0130 E\u011e\u0130T\u0130M M\u00dcD\u00dcRL\u00dc\u011e\u00dc<\/strong><br>Kad\u0131k\u00f6y Habire Yah\u015fi High School Building Construction Additional Works \/ \u0130STANBUL<\/p>\n\n\n\n<p><strong>1995 \u2013 \u0130STANBUL \u0130L M\u0130LL\u0130 E\u011e\u0130T\u0130M M\u00dcD\u00dcRL\u00dc\u011e\u00dc<\/strong><br>Aliye Yah\u015fi Primary School Transformer Building Construction \/ \u0130STANBUL<\/p>\n\n\n\n<p><strong>1994- \u0130STANBUL \u0130L M\u0130LL\u0130 E\u011e\u0130T\u0130M M\u00dcD\u00dcRL\u00dc\u011e\u00dc<\/strong><br>Kad\u0131k\u00f6y Habire Yah\u015fi High School Building Construction\u00a0\/ \u0130STANBUL<\/p>\n\n\n\n<p><strong>1994 \u2013 ANKARA B\u00dcY\u00dcK\u015eEH\u0130R BELED\u0130YES\u0130<\/strong><br>Cyprus Quarry Prefabricated Social Facility Building Construction \/ ANKARA<\/p>\n\n\n\n<p><strong>1994 \u2013 EGE B\u0130RACILIK VE MALT SANAY\u0130 A.\u015e.<\/strong><br>Ankara Brewery Malt &#8211; Rice Silos and Mill Building Construction Works \/ ANKARA<\/p>\n\n\n\n<p><strong>1994 \u2013 ANKARA B\u00dcY\u00dcK\u015eEH\u0130R BELED\u0130YES\u0130<\/strong><br>Mamak &#8211; \u015eafaktepe Park Trade Center Construction\u00a0\/ ANKARA<\/p>\n\n\n\n<p><strong>1994 \u2013 \u00d6ZKA\u015eIK\u00c7I BULKON GIDA SANAY\u0130 T\u0130C. A.\u015e.<\/strong><br>Flour Factory Complex Construction (Sincan Organized Industrial Zone)\u00a0\/ ANKARA<\/p>\n\n\n\n<p><strong>1993 \u2013 ORTA DO\u011eU TEKN\u0130K \u00dcN\u0130VERS\u0130TES\u0130\u00a0<\/strong><br>Petroleum Engineering Department Construction \/ ANKARA<\/p>\n\n\n\n<p><strong>1992 \u2013 ORTA DO\u011eU TEKN\u0130K \u00dcN\u0130VERS\u0130TES\u0130<\/strong><br>Optimization of Resource Performance Supply Building Construction \/ ANKARA<\/p>\n\n\n\n<p><strong>1992 \u2013 AREMSAN ELK. MAK. SAN. VE T\u0130C. LTD. \u015eT\u0130.<\/strong><br>Construction of Generator Factory (Sincan Organized Industrial Zone) \/ ANKARA<\/p>\n\n\n\n<p><strong>1992 \u2013 \u00d6ZHEN ENTEGRE TAVUK\u00c7ULUK T\u0130C. VE SAN. A.\u015e.<\/strong><br>Beypazari Rendering Building Construction \/ ANKARA<\/p>\n\n\n\n<p><strong>1992 \u2013 KUTLUTA\u015e \u2013 DILLINGHAM ORTAK G\u0130R\u0130\u015e\u0130M\u0130<\/strong><br>Izmir &#8211; Aydin Motorway 3.2.B Section Bs-7 and Bs-8 Bridges Construction  \/ \u0130ZM\u0130R<\/p>\n\n\n\n<p><strong>1991 \u2013 ORTA DO\u011eU TEKN\u0130K \u00dcN\u0130VERS\u0130TES\u0130<\/strong><br>Prefabricated Construction Repair for Welding Workshop\u00a0\/ ANKARA<\/p>\n\n\n\n<p><strong>1991 \u2013 ORTA DO\u011eU TEKN\u0130K \u00dcN\u0130VERS\u0130TES\u0130<\/strong><br>Installation Work for Welding Workshop\/ ANKARA<\/p>\n\n\n\n<p><strong>1991 \u2013 ORTA DO\u011eU TEKN\u0130K \u00dcN\u0130VERS\u0130TES\u0130<\/strong><br>Metallurgy Eng. Department of Radiology Building Construction Repair \/ ANKARA<\/p>\n\n\n\n<p><strong>1990 \u2013 ORTA DO\u011eU TEKN\u0130K \u00dcN\u0130VERS\u0130TES\u0130<\/strong><br>Metallurgy Eng. Department of Radiology Building Repair Construction\u00a0\/ ANKARA<\/p>\n\n\n\n<p><strong>1990 \u2013 BAYINDIRLIK VE \u0130SKAN M\u00dcD\u00dcRL\u00dc\u011e\u00dc<\/strong><br>Yerkoy High School Building Construction \/ YOZGAT<\/p>\n\n\n\n<p><strong>1990 \u2013 SS TEKB\u0130RG\u00dcL YAPI KOOPERAT\u0130F\u0130<\/strong><br>Construction of 4 Blocks 64 Apartments in Sereflikochisar \/ ANKARA<\/p>\n\n\n\n<p><strong>1987 \u2013 \u015eEREFL\u0130KO\u00c7H\u0130SAR BELED\u0130YES\u0130<\/strong><br>\u015eerefliko\u00e7hisar Bus Terminal Hotel Section 1 and Shop Construction  \/ ANKARA<\/p>\n\n\n\n<p><strong>1985 \u2013 \u015eEREFL\u0130KO\u00c7H\u0130SAR BELED\u0130YES\u0130<\/strong><br>\u015eerefliko\u00e7hisar Stormwater Collection Channels and Drainage Construction \/ ANKARA<\/p>\n\n\n\n<p><strong>1985 \u2013 KONYA VAL\u0130L\u0130\u011e\u0130 BAYINDIRLIK \u0130SKAN M\u00dcD.<\/strong><br>Sare \u00d6zka\u015f\u0131k\u00e7\u0131 Primary School Building Construction\/ KONYA<\/p>\n\n\n\n<p><strong>1985 \u2013 BAYINDIRLIK VE \u0130SKAN M\u00dcD\u00dcRL\u00dc\u011e\u00dc<\/strong><br>Construction of Central Sare \u00d6zka\u015f\u0131k\u00e7\u0131 Primary School Building \/ KONYA<\/p>\n\n\n\n<p><strong>1984 \u2013 ANO \u0130N\u015eAAT LTD.<\/strong><br>Karaca\u00f6ren Dam, Cut-Off, Power Plant Building, Spillway and Tunnel Lining Works \/ BURDUR<\/p>\n\n\n\n<p><strong>1983 \u2013 MKE KURUMU GENEL M\u00dcD\u00dcRL\u00dc\u011e\u00dc<\/strong><br>Large Foundry Plant I. Section Social Facilities Buildings Construction \/ YOZGAT<\/p>\n\n\n\n<p><strong>1982 \u2013 BAYINDIRLIK VE \u0130SKAN M\u00dcD\u00dcRL\u00dc\u011e\u00dc<\/strong><br>Building Construction of Additional Facilities for Civilian Fuel Depots in Western Region \/ ANTALYA<\/p>\n\n\n\n<p><strong>1981 \u2013 MKE KURUMU GENEL M\u00dcD\u00dcRL\u00dc\u011e\u00dc<\/strong><br>Gunpowder and TNT Factory, Bridge Crane Steel Construction\u00a0\/ ANKARA<\/p>\n\n\n\n<p><strong>1981 \u2013 T\u00dcRK\u0130YE PETROLLER\u0130 A.O.<\/strong><br>Central Anatolia Refinery Prefabricated Warehouse Building Construction\u00a0\/ ANKARA<\/p>\n\n\n\n<p><strong>1980 \u2013 T\u00dcRK\u0130YE PETROLLER\u0130 A.O.<\/strong><br>Central Anatolia Refinery Temporary Heat Center Building Construction \/ KIRIKKALE<\/p>\n\n\n\n<p><strong>1979 \u2013 T.Z.D.K. ANKARA B\u00d6LGE M\u00dcD\u00dcRL\u00dc\u011e\u00dc<\/strong><br>Double Type Steel Construction Fertilizer Depot Construction\u00a0\/ ANKARA<\/p>\n\n\n\n<p><strong>1979 \u2013 BAYINDIRLIK BAKANLI\u011eI<\/strong><br>Akdagmadeni Traffic Control Station Building Construction \/ YOZGAT<\/p>\n\n\n\n<p><strong>1978 \u2013 ET BALIK KURUMU<\/strong><br>Skin and Intestinal Transmission Installation \/ SAKARYA<\/p>\n\n\n\n<p><strong>1971 \u2013 \u0130MAR VE \u0130SKAN BAKANLI\u011eI<\/strong><br>Building Material Research Laboratories Construction\u0131\u00a0\/ ANKARA<\/p>\n\n\n\n<p><strong>1961 \u2013 MKE KURUMU GENEL M\u00dcD\u00dcRL\u00dc\u011e\u00dc<\/strong><br>Gunpowder Factory Phase II Rough Building Construction \/ KIRIKKALE<\/p>\n\n\n\n<p><\/p>\n","protected":false},"excerpt":{"rendered":"<p>2024 \u2013 ET\u0130 BAKIR A.\u015e.Madenk\u00f6y Copper MineUnderground Preparation Gallery Excavation and Preliminary Supporting Work \/ S\u0130\u0130RT 2023 \u2013 ET\u0130 BAKIR A.\u015e.Murgul Underground Copper MineUnderground Preparation Gallery Excavation and Preliminary Supporting Work \/ ARTV\u0130N 2023 \u2013 ET\u0130 BAKIR A.\u015e.Ko\u00e7ali Underground Copper MineUnderground Galleries Excavation, Preliminary Supporting and Repair Works \/ ADIYAMAN 2020 \u2013 ET\u0130BAKIR \u0130\u015eLETMELER\u0130 A.\u015e.Madenk\u00f6y &hellip; <\/p>\n<p class=\"link-more\"><a href=\"https:\/\/www.sargininsaat.com\/en\/domestic-projects\/\" class=\"more-link\">Okumaya devam et<span class=\"screen-reader-text\"> &#8220;PROJECTS in T\u00dcRK\u0130YE&#8221;<\/span><\/a><\/p>\n","protected":false},"author":1,"featured_media":0,"parent":0,"menu_order":0,"comment_status":"closed","ping_status":"closed","template":"","meta":{"footnotes":""},"class_list":["post-77","page","type-page","status-publish","hentry"],"_links":{"self":[{"href":"https:\/\/www.sargininsaat.com\/en\/wp-json\/wp\/v2\/pages\/77","targetHints":{"allow":["GET"]}}],"collection":[{"href":"https:\/\/www.sargininsaat.com\/en\/wp-json\/wp\/v2\/pages"}],"about":[{"href":"https:\/\/www.sargininsaat.com\/en\/wp-json\/wp\/v2\/types\/page"}],"author":[{"embeddable":true,"href":"https:\/\/www.sargininsaat.com\/en\/wp-json\/wp\/v2\/users\/1"}],"replies":[{"embeddable":true,"href":"https:\/\/www.sargininsaat.com\/en\/wp-json\/wp\/v2\/comments?post=77"}],"version-history":[{"count":50,"href":"https:\/\/www.sargininsaat.com\/en\/wp-json\/wp\/v2\/pages\/77\/revisions"}],"predecessor-version":[{"id":859,"href":"https:\/\/www.sargininsaat.com\/en\/wp-json\/wp\/v2\/pages\/77\/revisions\/859"}],"wp:attachment":[{"href":"https:\/\/www.sargininsaat.com\/en\/wp-json\/wp\/v2\/media?parent=77"}],"curies":[{"name":"wp","href":"https:\/\/api.w.org\/{rel}","templated":true}]}}