{"id":571,"date":"2024-10-24T09:27:35","date_gmt":"2024-10-24T06:27:35","guid":{"rendered":"https:\/\/www.sargininsaat.com\/en\/?page_id=571"},"modified":"2025-01-29T15:00:34","modified_gmt":"2025-01-29T12:00:34","slug":"management","status":"publish","type":"page","link":"https:\/\/www.sargininsaat.com\/en\/management\/","title":{"rendered":"MANAGEMENT"},"content":{"rendered":"\n<p class=\"has-text-align-left\"><\/p>\n\n\n\n<div class=\"wp-block-media-text is-stacked-on-mobile is-vertically-aligned-top\" style=\"font-style:normal;font-weight:100;grid-template-columns:22% auto\"><figure class=\"wp-block-media-text__media\"><img loading=\"lazy\" decoding=\"async\" width=\"355\" height=\"500\" src=\"https:\/\/www.sargininsaat.com\/en\/wp-content\/uploads\/2024\/10\/HSS.jpg\" alt=\"\" class=\"wp-image-171 size-full\" srcset=\"https:\/\/www.sargininsaat.com\/en\/wp-content\/uploads\/2024\/10\/HSS.jpg 355w, https:\/\/www.sargininsaat.com\/en\/wp-content\/uploads\/2024\/10\/HSS-213x300.jpg 213w\" sizes=\"auto, (max-width: 355px) 100vw, 355px\" \/><\/figure><div class=\"wp-block-media-text__content\">\n<p><strong>H\u00fcseyin Sait SARGIN<\/strong><br><strong>Civil Engineer MSc<\/strong><\/p>\n\n\n\n<p>H\u00fcseyin Sait Sarg\u0131n, who started working at SARGIN CONSTRUCTION in 1987, while he was continuing his university education, took on the duties of Manager and Coordinator in many Highway, Dam, Hydroelectric Power Plant, Metro and Special Purpose Building Complex Projects at home and abroad. <br>H\u00fcseyin Sait Sarg\u0131n (MSc Civil Engineer), who is the Chairman of the Board of Directors of SARGIN \u0130N\u015eAAT A.\u015e., was born in 1967 in Kitchener, Toronto, Canada. H\u00fcseyin Sait Sarg\u0131n, who graduated from Turkish Education Association Ankara College in 1984, started studying at Middle East Technical University, Faculty of Engineering, Department of Construction in the same year. H\u00fcseyin Sait Sarg\u0131n, who received his bachelor&#8217;s degree from this department in 1989, continued his master&#8217;s degree in the same department and became a Civil Engineer in 1996.<br>H\u00fcseyin Sait Sarg\u0131n, who was first a partner and then the Chairman of the Board of Directors of the company, which became a joint stock company in 1990, currently serves as the Chairman of the Board of Directors and General Manager at SARGIN \u0130N\u015eAAT A.\u015e. <\/p>\n\n\n\n<p><\/p>\n\n\n\n<hr class=\"wp-block-separator has-alpha-channel-opacity\"\/>\n\n\n\n<p><\/p>\n<\/div><\/div>\n\n\n\n<div class=\"wp-block-media-text is-stacked-on-mobile is-vertically-aligned-top\" style=\"grid-template-columns:21% auto\"><figure class=\"wp-block-media-text__media\"><img loading=\"lazy\" decoding=\"async\" width=\"145\" height=\"202\" src=\"https:\/\/www.sargininsaat.com\/en\/wp-content\/uploads\/2024\/10\/AA.jpg\" alt=\"\" class=\"wp-image-170 size-full\"\/><\/figure><div class=\"wp-block-media-text__content\">\n<p><strong>Ayberk AKMAN<\/strong><br><strong>Economist<\/strong><\/p>\n\n\n\n<p>Ayberk AKMAN, who graduated from Dokuz Eyl\u00fcl University, Faculty of Economics and Administrative Sciences, Department of Economics in 1999, received Hacettepe University Financial Research Center Stock Exchange School and Manchester University FX markets training within the program and started his business life as a dealer at Merkez Menkul De\u011ferler in 2001.<\/p>\n\n\n\n<p>Throughout his career, he held important positions in Turkey&#8217;s leading financial institutions such as R&amp;D, portfolio management director, Investment Partnership Manager, Yap\u0131 Ve Kredi Bankas\u0131 Private Banking for 12 years, participated in TV and podcast programs, and published articles in various stock market magazines. Akman, who also gives training on financial markets in the Beyond the Compass group, has gained experience in a wide range of fields since his position as Investments Manager at Sarg\u0131n \u0130n\u015faat in 2012. In addition to his duties as a Board Member and Deputy Chairman at Sarg\u0131n \u0130n\u015faat A\u015e, he also serves as the Investments Manager at Sarg\u0131n Uluslararas\u0131 \u0130n\u015faat Ticaret Taahh\u00fct A\u015e.<\/p>\n\n\n\n<p><\/p>\n<\/div><\/div>\n","protected":false},"excerpt":{"rendered":"<p>Ayberk AKMANEconomist Ayberk AKMAN, who graduated from Dokuz Eyl\u00fcl University, Faculty of Economics and Administrative Sciences, Department of Economics in 1999, received Hacettepe University Financial Research Center Stock Exchange School and Manchester University FX markets training within the program and started his business life as a dealer at Merkez Menkul De\u011ferler in 2001. Throughout his &hellip; <\/p>\n<p class=\"link-more\"><a href=\"https:\/\/www.sargininsaat.com\/en\/management\/\" class=\"more-link\">Okumaya devam et<span class=\"screen-reader-text\"> &#8220;MANAGEMENT&#8221;<\/span><\/a><\/p>\n","protected":false},"author":1,"featured_media":574,"parent":0,"menu_order":0,"comment_status":"closed","ping_status":"closed","template":"","meta":{"footnotes":""},"class_list":["post-571","page","type-page","status-publish","has-post-thumbnail","hentry"],"_links":{"self":[{"href":"https:\/\/www.sargininsaat.com\/en\/wp-json\/wp\/v2\/pages\/571","targetHints":{"allow":["GET"]}}],"collection":[{"href":"https:\/\/www.sargininsaat.com\/en\/wp-json\/wp\/v2\/pages"}],"about":[{"href":"https:\/\/www.sargininsaat.com\/en\/wp-json\/wp\/v2\/types\/page"}],"author":[{"embeddable":true,"href":"https:\/\/www.sargininsaat.com\/en\/wp-json\/wp\/v2\/users\/1"}],"replies":[{"embeddable":true,"href":"https:\/\/www.sargininsaat.com\/en\/wp-json\/wp\/v2\/comments?post=571"}],"version-history":[{"count":9,"href":"https:\/\/www.sargininsaat.com\/en\/wp-json\/wp\/v2\/pages\/571\/revisions"}],"predecessor-version":[{"id":888,"href":"https:\/\/www.sargininsaat.com\/en\/wp-json\/wp\/v2\/pages\/571\/revisions\/888"}],"wp:featuredmedia":[{"embeddable":true,"href":"https:\/\/www.sargininsaat.com\/en\/wp-json\/wp\/v2\/media\/574"}],"wp:attachment":[{"href":"https:\/\/www.sargininsaat.com\/en\/wp-json\/wp\/v2\/media?parent=571"}],"curies":[{"name":"wp","href":"https:\/\/api.w.org\/{rel}","templated":true}]}}