{"id":444,"date":"2024-10-23T14:53:38","date_gmt":"2024-10-23T11:53:38","guid":{"rendered":"https:\/\/www.sargininsaat.com\/en\/?page_id=444"},"modified":"2026-02-09T09:43:40","modified_gmt":"2026-02-09T06:43:40","slug":"shaft-excavation-work-raiseboring","status":"publish","type":"page","link":"https:\/\/www.sargininsaat.com\/en\/shaft-excavation-work-raiseboring\/","title":{"rendered":"SHAFT EXCAVATION WORKS (RAISEBORING)"},"content":{"rendered":"\n<p><strong>2023<\/strong><\/p>\n\n\n\n<p>Kars &#8211; Tblisi &#8211; Baku  Railway Project \/ Shaft Construction by RBM<br><em><em>Depth<\/em> : 2 x 130,00 m\u00a0 \/ 90,00\u00b0 \u00a0 \u00a0 \u00a0 \u00a0<em><em>Excavation Diameter<\/em> <\/em>: 1.500 mm.<\/em><br>Employer : Kopru &#8211; Bina &#8211; Tikinti LLC.<\/p>\n\n\n\n<p><strong>2018<\/strong><\/p>\n\n\n\n<p>Efem\u00e7ukuru Gold Mine \/ Shaft Construction by RBM<br><em>Depth : 166,16 m\u00a0 \/ 72,24\u00b0 \u00a0 \u00a0 \u00a0 \u00a0<em>Excavation Diameter<\/em> : 1.500 mm.<\/em><br>Employer : T\u00fcprag Metal Madencilik San. ve Tic. A.\u015e<\/p>\n\n\n\n<p><strong>2018<\/strong><\/p>\n\n\n\n<p>Efem\u00e7ukuru Gold Mine \/ Shaft Construction by RBM<br><em>Depth : 124,10 m \/ 90\u00b0 &nbsp; &nbsp; &nbsp; &nbsp;Excavation Diameter : 2.440 mm.<\/em><br>Employer  : T\u00fcprag Metal Madencilik San. ve Tic. A.\u015e<\/p>\n\n\n\n<p><strong>2017<\/strong><\/p>\n\n\n\n<p>Ambarl\u0131k HEPP Project, Shaft Construction by RBM<br><em>Depth : 165 m \/ 90\u00b0 &nbsp; &nbsp; &nbsp; &nbsp;Excavation Diameter : 2.440 mm.<\/em><br>Employer  : EN YAPI \u0130n\u015faat Sanayi ve Ticaret A.\u015e.<\/p>\n\n\n\n<p><strong>2017<\/strong><\/p>\n\n\n\n<p>Bal\u0131kesir Balya Pb-Zn Underground Mine \/ Ventilation Shaft Construction by RBM<br><em>Depth : 730 m. &nbsp; &nbsp; &nbsp; &nbsp;Excavation Diameter : 2.440 mm.<\/em><br><em>(400 m \/ 90\u00b0 + 330 m \/ 68\u00b0)<\/em><br>Employer  : Esan Eczac\u0131ba\u015f\u0131<\/p>\n\n\n\n<p><strong>2015<\/strong><\/p>\n\n\n\n<p>Yusufeli Baraj\u0131 ve HEPP Project \/ Shaft Construction by RBM<br><em>Depth : 206 m. &nbsp; &nbsp; &nbsp; &nbsp;Excavation Diameter : 2.440 mm.<\/em><br><em>(65m \/ 90\u00b0 + 141 m \/ 90\u00b0)<\/em><br>Employer  : Limak \u0130n\u015faat Sanayi ve Ticaret A.\u015e.<\/p>\n\n\n\n<p><strong>2013<\/strong><\/p>\n\n\n\n<p>Bal\u0131kesir Balya Pb-Zn Underground Mine \/ Ventilation Shaft Construction by RBM<br><em>Depth : 600 m. \/ 90\u00b0 &nbsp; &nbsp; &nbsp; &nbsp;Excavation Diameter : 2.440 mm.<\/em><br>Employer  : Esan Eczac\u0131ba\u015f\u0131<\/p>\n","protected":false},"excerpt":{"rendered":"<p>2023 Kars &#8211; Tblisi &#8211; Baku Railway Project \/ Shaft Construction by RBMDepth : 2 x 130,00 m\u00a0 \/ 90,00\u00b0 \u00a0 \u00a0 \u00a0 \u00a0Excavation Diameter : 1.500 mm.Employer : Kopru &#8211; Bina &#8211; Tikinti LLC. 2018 Efem\u00e7ukuru Gold Mine \/ Shaft Construction by RBMDepth : 166,16 m\u00a0 \/ 72,24\u00b0 \u00a0 \u00a0 \u00a0 \u00a0Excavation Diameter : &hellip; <\/p>\n<p class=\"link-more\"><a href=\"https:\/\/www.sargininsaat.com\/en\/shaft-excavation-work-raiseboring\/\" class=\"more-link\">Okumaya devam et<span class=\"screen-reader-text\"> &#8220;SHAFT EXCAVATION WORKS (RAISEBORING)&#8221;<\/span><\/a><\/p>\n","protected":false},"author":1,"featured_media":0,"parent":0,"menu_order":0,"comment_status":"closed","ping_status":"closed","template":"","meta":{"footnotes":""},"class_list":["post-444","page","type-page","status-publish","hentry"],"_links":{"self":[{"href":"https:\/\/www.sargininsaat.com\/en\/wp-json\/wp\/v2\/pages\/444","targetHints":{"allow":["GET"]}}],"collection":[{"href":"https:\/\/www.sargininsaat.com\/en\/wp-json\/wp\/v2\/pages"}],"about":[{"href":"https:\/\/www.sargininsaat.com\/en\/wp-json\/wp\/v2\/types\/page"}],"author":[{"embeddable":true,"href":"https:\/\/www.sargininsaat.com\/en\/wp-json\/wp\/v2\/users\/1"}],"replies":[{"embeddable":true,"href":"https:\/\/www.sargininsaat.com\/en\/wp-json\/wp\/v2\/comments?post=444"}],"version-history":[{"count":8,"href":"https:\/\/www.sargininsaat.com\/en\/wp-json\/wp\/v2\/pages\/444\/revisions"}],"predecessor-version":[{"id":909,"href":"https:\/\/www.sargininsaat.com\/en\/wp-json\/wp\/v2\/pages\/444\/revisions\/909"}],"wp:attachment":[{"href":"https:\/\/www.sargininsaat.com\/en\/wp-json\/wp\/v2\/media?parent=444"}],"curies":[{"name":"wp","href":"https:\/\/api.w.org\/{rel}","templated":true}]}}